{"id":93,"date":"2020-05-24T15:29:47","date_gmt":"2020-05-24T13:29:47","guid":{"rendered":"http:\/\/kinesio-grandson.ch\/in\/?page_id=93"},"modified":"2022-08-30T19:43:42","modified_gmt":"2022-08-30T17:43:42","slug":"portrait","status":"publish","type":"page","link":"http:\/\/kinesio-grandson.ch\/in\/portrait\/","title":{"rendered":"Portrait"},"content":{"rendered":"\n<h2 class=\"wp-block-heading\">Mon parcours<\/h2>\n\n\n\n<p>Je m\u2019appelle <strong>Emmanuelle<\/strong> et suis n\u00e9e en juin 1982. S\u00e9par\u00e9e et maman de trois gar\u00e7ons, la famille occupe une place importante dans ma vie et, depuis toujours, j\u2019aime me consacrer enti\u00e8rement au bien-\u00eatre de ceux qui m\u2019entourent. Issue du monde du terrain, j\u2019ai travaill\u00e9 pour une grande cha\u00eene de restauration durant 15 ans, avant de conna\u00eetre un premier tournant dans ma carri\u00e8re professionnelle.<\/p>\n\n\n\n<p>En 2014, une opportunit\u00e9 se pr\u00e9sente et c\u2019est ainsi que je prends un poste de contr\u00f4leur de gestion, pendant pr\u00e8s de 5 ans. Pendant cette m\u00eame p\u00e9riode, j\u2019accepte en plus la responsabilit\u00e9 du d\u00e9partement des Ressources Humaines. Ceci me permet ainsi de retrouver le contact humain qui me manquait jusqu\u2019alors.<\/p>\n\n\n\n<p>D\u00e9sirant toujours donner mon maximum dans le monde priv\u00e9 tout comme dans le professionnel, j\u2019ai travers\u00e9 une longue p\u00e9riode de Burn Out.<\/p>\n\n\n\n<p>Lorsque l\u2019on est confront\u00e9 \u00e0 une telle situation, on passe par beaucoup de phases, dont celle qui a \u00e9t\u00e9 la plus importante pour moi&nbsp;: une remise en question fondamentale.<\/p>\n\n\n\n<p>C\u2019est ainsi qu\u2019\u00e0 l\u2019\u00e9coute de moi-m\u00eame, ma vocation \u00e9tait maintenant claire. J\u2019ai donc pris la d\u00e9cision d\u2019op\u00e9rer une reconversion professionnelle totale en ad\u00e9quation avec ma v\u00e9ritable nature et d\u2019accompagner les personnes au travers de la kin\u00e9siologie.<\/p>\n\n\n\n<h2 class=\"wp-block-heading\">La kin\u00e9siologie et moi<\/h2>\n\n\n\n<p>J\u2019ai toujours \u00e9t\u00e9 attir\u00e9e par les m\u00e9decines alternatives et en ai moi-m\u00eame essay\u00e9 plusieurs. Je trouve personnellement dans la kin\u00e9siologie, l\u2019approche la plus compl\u00e8te et permettant d\u2019avoir un nombre infini de fl\u00e8ches \u00e0 son arc.<\/p>\n\n\n\n<p>Cette m\u00e9decine alternative s\u2019int\u00e9resse \u00e0 chaque aspect touchant l\u2019\u00eatre humain car ils sont li\u00e9s l\u2019un l\u2019autre. En effet, l\u2019homme est complexe et, comme le dit Aristote, toutes les \u00e9motions sont accompagn\u00e9es par un ressenti physique.<\/p>\n\n\n\n<p>Cette m\u00e9decine me parle d\u2019autant plus car c\u2019est le corps de la personne trait\u00e9e qui choisit son rem\u00e8de, sans rien se laisser imposer.<\/p>\n\n\n\n<p>La palette des possibilit\u00e9s offerte par la kin\u00e9siologie me permet de proposer une solution au corps et c\u2019est ce dernier qui me guide sur son besoin \u00e0 l\u2019instant pr\u00e9sent.<\/p>\n\n\n\n<p>Chaque approche acquise m\u2019offre un outil suppl\u00e9mentaire me permettant d\u2019enrichir la quantit\u00e9 de solutions \u00e0 proposer.<\/p>\n\n\n\n<h2 class=\"wp-block-heading\">En quelques mots<\/h2>\n\n\n\n<p>Toutes ces d\u00e9marches sont entreprises de par ma volont\u00e9 de proximit\u00e9 avec les gens. A mon sens, chaque s\u00e9ance est un voyage tant pour mon client que pour moi-m\u00eame.<\/p>\n\n\n\n<p>De m\u00eame, pour les personnes trait\u00e9es, il s\u2019agit souvent d\u2019\u00e9tapes de leur vie qui ne sont pas faciles \u00e0 revivre. Au travers des s\u00e9ances, je peux les aider \u00e0 les retraverser diff\u00e9remment, par une mise \u00e0 z\u00e9ro du ressenti, sans pour autant oublier les \u00e9motions qui sont li\u00e9es \u00e0 chaque \u00e9v\u00e9nement. Cet enrichissement mutuel permet de trouver des solutions ad\u00e9quates et souvent plus \u00e9videntes \u00e0 leur probl\u00e9matique.<\/p>\n","protected":false},"excerpt":{"rendered":"<p>Mon parcours Je m\u2019appelle Emmanuelle et suis n\u00e9e en juin 1982. S\u00e9par\u00e9e et maman de trois gar\u00e7ons, la famille occupe une place importante dans ma vie et, depuis toujours, j\u2019aime me consacrer enti\u00e8rement au bien-\u00eatre de ceux qui m\u2019entourent. Issue du monde du terrain, j\u2019ai travaill\u00e9 pour une grande cha\u00eene de restauration durant 15 ans, &hellip; <\/p>\n","protected":false},"author":2,"featured_media":95,"parent":0,"menu_order":2,"comment_status":"closed","ping_status":"closed","template":"","meta":{"footnotes":""},"_links":{"self":[{"href":"http:\/\/kinesio-grandson.ch\/in\/wp-json\/wp\/v2\/pages\/93"}],"collection":[{"href":"http:\/\/kinesio-grandson.ch\/in\/wp-json\/wp\/v2\/pages"}],"about":[{"href":"http:\/\/kinesio-grandson.ch\/in\/wp-json\/wp\/v2\/types\/page"}],"author":[{"embeddable":true,"href":"http:\/\/kinesio-grandson.ch\/in\/wp-json\/wp\/v2\/users\/2"}],"replies":[{"embeddable":true,"href":"http:\/\/kinesio-grandson.ch\/in\/wp-json\/wp\/v2\/comments?post=93"}],"version-history":[{"count":4,"href":"http:\/\/kinesio-grandson.ch\/in\/wp-json\/wp\/v2\/pages\/93\/revisions"}],"predecessor-version":[{"id":194,"href":"http:\/\/kinesio-grandson.ch\/in\/wp-json\/wp\/v2\/pages\/93\/revisions\/194"}],"wp:featuredmedia":[{"embeddable":true,"href":"http:\/\/kinesio-grandson.ch\/in\/wp-json\/wp\/v2\/media\/95"}],"wp:attachment":[{"href":"http:\/\/kinesio-grandson.ch\/in\/wp-json\/wp\/v2\/media?parent=93"}],"curies":[{"name":"wp","href":"https:\/\/api.w.org\/{rel}","templated":true}]}}