{"id":132,"date":"2020-06-03T08:38:54","date_gmt":"2020-06-03T06:38:54","guid":{"rendered":"http:\/\/kinesio-grandson.ch\/in\/?page_id=132"},"modified":"2022-08-30T19:44:55","modified_gmt":"2022-08-30T17:44:55","slug":"consultations-et-horaires","status":"publish","type":"page","link":"http:\/\/kinesio-grandson.ch\/in\/consultations-et-horaires\/","title":{"rendered":"Consultations\u00a0et horaires"},"content":{"rendered":"\n<p>Les consultations se font au cabinet, sur rendez-vous.<br>Pour les personnes \u00e0 mobilit\u00e9 r\u00e9duite, je me d\u00e9place \u00e0 votre domicile.<\/p>\n\n\n\n<p class=\"has-text-align-center\"><strong>Lu 13.30-16.00 <\/strong><br><strong>Ma &#8211; Ve 13.30-20.00<\/strong><br><strong> Sa 11.00 &#8211; 15.00<\/strong><\/p>\n\n\n\n<figure class=\"wp-block-gallery columns-3 is-cropped wp-block-gallery-1 is-layout-flex wp-block-gallery-is-layout-flex\"><ul class=\"blocks-gallery-grid\"><li class=\"blocks-gallery-item\"><figure><img loading=\"lazy\" decoding=\"async\" width=\"1024\" height=\"768\" src=\"http:\/\/kinesio-grandson.ch\/in\/wp-content\/uploads\/2020\/06\/WhatsApp-Image-2020-05-30-at-15.27.50-1024x768.jpeg\" alt=\"\" data-id=\"141\" data-full-url=\"http:\/\/kinesio-grandson.ch\/in\/wp-content\/uploads\/2020\/06\/WhatsApp-Image-2020-05-30-at-15.27.50.jpeg\" data-link=\"http:\/\/kinesio-grandson.ch\/in\/consultations-et-horaires\/whatsapp-image-2020-05-30-at-15-27-50\/\" class=\"wp-image-141\" srcset=\"http:\/\/kinesio-grandson.ch\/in\/wp-content\/uploads\/2020\/06\/WhatsApp-Image-2020-05-30-at-15.27.50-1024x768.jpeg 1024w, http:\/\/kinesio-grandson.ch\/in\/wp-content\/uploads\/2020\/06\/WhatsApp-Image-2020-05-30-at-15.27.50-300x225.jpeg 300w, http:\/\/kinesio-grandson.ch\/in\/wp-content\/uploads\/2020\/06\/WhatsApp-Image-2020-05-30-at-15.27.50-768x576.jpeg 768w, http:\/\/kinesio-grandson.ch\/in\/wp-content\/uploads\/2020\/06\/WhatsApp-Image-2020-05-30-at-15.27.50-1536x1152.jpeg 1536w, http:\/\/kinesio-grandson.ch\/in\/wp-content\/uploads\/2020\/06\/WhatsApp-Image-2020-05-30-at-15.27.50.jpeg 2048w\" sizes=\"(max-width: 1024px) 100vw, 1024px\" \/><\/figure><\/li><li class=\"blocks-gallery-item\"><figure><img loading=\"lazy\" decoding=\"async\" width=\"1024\" height=\"768\" src=\"http:\/\/kinesio-grandson.ch\/in\/wp-content\/uploads\/2020\/06\/WhatsApp-Image-2020-05-30-at-15.27.51-1-1024x768.jpeg\" alt=\"\" data-id=\"142\" data-full-url=\"http:\/\/kinesio-grandson.ch\/in\/wp-content\/uploads\/2020\/06\/WhatsApp-Image-2020-05-30-at-15.27.51-1.jpeg\" data-link=\"http:\/\/kinesio-grandson.ch\/in\/consultations-et-horaires\/whatsapp-image-2020-05-30-at-15-27-51-1\/\" class=\"wp-image-142\" srcset=\"http:\/\/kinesio-grandson.ch\/in\/wp-content\/uploads\/2020\/06\/WhatsApp-Image-2020-05-30-at-15.27.51-1-1024x768.jpeg 1024w, http:\/\/kinesio-grandson.ch\/in\/wp-content\/uploads\/2020\/06\/WhatsApp-Image-2020-05-30-at-15.27.51-1-300x225.jpeg 300w, http:\/\/kinesio-grandson.ch\/in\/wp-content\/uploads\/2020\/06\/WhatsApp-Image-2020-05-30-at-15.27.51-1-768x576.jpeg 768w, http:\/\/kinesio-grandson.ch\/in\/wp-content\/uploads\/2020\/06\/WhatsApp-Image-2020-05-30-at-15.27.51-1-1536x1152.jpeg 1536w, http:\/\/kinesio-grandson.ch\/in\/wp-content\/uploads\/2020\/06\/WhatsApp-Image-2020-05-30-at-15.27.51-1.jpeg 2048w\" sizes=\"(max-width: 1024px) 100vw, 1024px\" \/><\/figure><\/li><li class=\"blocks-gallery-item\"><figure><img loading=\"lazy\" decoding=\"async\" width=\"1024\" height=\"768\" src=\"http:\/\/kinesio-grandson.ch\/in\/wp-content\/uploads\/2020\/06\/WhatsApp-Image-2020-05-30-at-15.27.51-1024x768.jpeg\" alt=\"\" data-id=\"143\" data-full-url=\"http:\/\/kinesio-grandson.ch\/in\/wp-content\/uploads\/2020\/06\/WhatsApp-Image-2020-05-30-at-15.27.51.jpeg\" data-link=\"http:\/\/kinesio-grandson.ch\/in\/consultations-et-horaires\/whatsapp-image-2020-05-30-at-15-27-51\/\" class=\"wp-image-143\" srcset=\"http:\/\/kinesio-grandson.ch\/in\/wp-content\/uploads\/2020\/06\/WhatsApp-Image-2020-05-30-at-15.27.51-1024x768.jpeg 1024w, http:\/\/kinesio-grandson.ch\/in\/wp-content\/uploads\/2020\/06\/WhatsApp-Image-2020-05-30-at-15.27.51-300x225.jpeg 300w, http:\/\/kinesio-grandson.ch\/in\/wp-content\/uploads\/2020\/06\/WhatsApp-Image-2020-05-30-at-15.27.51-768x576.jpeg 768w, http:\/\/kinesio-grandson.ch\/in\/wp-content\/uploads\/2020\/06\/WhatsApp-Image-2020-05-30-at-15.27.51-1536x1152.jpeg 1536w, http:\/\/kinesio-grandson.ch\/in\/wp-content\/uploads\/2020\/06\/WhatsApp-Image-2020-05-30-at-15.27.51.jpeg 2048w\" sizes=\"(max-width: 1024px) 100vw, 1024px\" \/><\/figure><\/li><li class=\"blocks-gallery-item\"><figure><img loading=\"lazy\" decoding=\"async\" width=\"768\" height=\"1024\" src=\"http:\/\/kinesio-grandson.ch\/in\/wp-content\/uploads\/2020\/06\/WhatsApp-Image-2020-05-30-at-15.27.52-1-768x1024.jpeg\" alt=\"\" data-id=\"144\" data-full-url=\"http:\/\/kinesio-grandson.ch\/in\/wp-content\/uploads\/2020\/06\/WhatsApp-Image-2020-05-30-at-15.27.52-1.jpeg\" data-link=\"http:\/\/kinesio-grandson.ch\/in\/consultations-et-horaires\/whatsapp-image-2020-05-30-at-15-27-52-1\/\" class=\"wp-image-144\" srcset=\"http:\/\/kinesio-grandson.ch\/in\/wp-content\/uploads\/2020\/06\/WhatsApp-Image-2020-05-30-at-15.27.52-1-768x1024.jpeg 768w, http:\/\/kinesio-grandson.ch\/in\/wp-content\/uploads\/2020\/06\/WhatsApp-Image-2020-05-30-at-15.27.52-1-225x300.jpeg 225w, http:\/\/kinesio-grandson.ch\/in\/wp-content\/uploads\/2020\/06\/WhatsApp-Image-2020-05-30-at-15.27.52-1-1152x1536.jpeg 1152w, http:\/\/kinesio-grandson.ch\/in\/wp-content\/uploads\/2020\/06\/WhatsApp-Image-2020-05-30-at-15.27.52-1.jpeg 1536w\" sizes=\"(max-width: 768px) 100vw, 768px\" \/><\/figure><\/li><li class=\"blocks-gallery-item\"><figure><img loading=\"lazy\" decoding=\"async\" width=\"1024\" height=\"768\" src=\"http:\/\/kinesio-grandson.ch\/in\/wp-content\/uploads\/2020\/06\/WhatsApp-Image-2020-05-30-at-15.27.53-1024x768.jpeg\" alt=\"\" data-id=\"147\" data-full-url=\"http:\/\/kinesio-grandson.ch\/in\/wp-content\/uploads\/2020\/06\/WhatsApp-Image-2020-05-30-at-15.27.53.jpeg\" data-link=\"http:\/\/kinesio-grandson.ch\/in\/consultations-et-horaires\/whatsapp-image-2020-05-30-at-15-27-53\/\" class=\"wp-image-147\" srcset=\"http:\/\/kinesio-grandson.ch\/in\/wp-content\/uploads\/2020\/06\/WhatsApp-Image-2020-05-30-at-15.27.53-1024x768.jpeg 1024w, http:\/\/kinesio-grandson.ch\/in\/wp-content\/uploads\/2020\/06\/WhatsApp-Image-2020-05-30-at-15.27.53-300x225.jpeg 300w, http:\/\/kinesio-grandson.ch\/in\/wp-content\/uploads\/2020\/06\/WhatsApp-Image-2020-05-30-at-15.27.53-768x576.jpeg 768w, http:\/\/kinesio-grandson.ch\/in\/wp-content\/uploads\/2020\/06\/WhatsApp-Image-2020-05-30-at-15.27.53-1536x1152.jpeg 1536w, http:\/\/kinesio-grandson.ch\/in\/wp-content\/uploads\/2020\/06\/WhatsApp-Image-2020-05-30-at-15.27.53.jpeg 2048w\" sizes=\"(max-width: 1024px) 100vw, 1024px\" \/><\/figure><\/li><li class=\"blocks-gallery-item\"><figure><img loading=\"lazy\" decoding=\"async\" width=\"1024\" height=\"768\" src=\"http:\/\/kinesio-grandson.ch\/in\/wp-content\/uploads\/2020\/06\/WhatsApp-Image-2020-05-30-at-15.27.54-1-1024x768.jpeg\" alt=\"\" data-id=\"148\" data-full-url=\"http:\/\/kinesio-grandson.ch\/in\/wp-content\/uploads\/2020\/06\/WhatsApp-Image-2020-05-30-at-15.27.54-1.jpeg\" data-link=\"http:\/\/kinesio-grandson.ch\/in\/consultations-et-horaires\/whatsapp-image-2020-05-30-at-15-27-54-1\/\" class=\"wp-image-148\" srcset=\"http:\/\/kinesio-grandson.ch\/in\/wp-content\/uploads\/2020\/06\/WhatsApp-Image-2020-05-30-at-15.27.54-1-1024x768.jpeg 1024w, http:\/\/kinesio-grandson.ch\/in\/wp-content\/uploads\/2020\/06\/WhatsApp-Image-2020-05-30-at-15.27.54-1-300x225.jpeg 300w, http:\/\/kinesio-grandson.ch\/in\/wp-content\/uploads\/2020\/06\/WhatsApp-Image-2020-05-30-at-15.27.54-1-768x576.jpeg 768w, http:\/\/kinesio-grandson.ch\/in\/wp-content\/uploads\/2020\/06\/WhatsApp-Image-2020-05-30-at-15.27.54-1-1536x1152.jpeg 1536w, http:\/\/kinesio-grandson.ch\/in\/wp-content\/uploads\/2020\/06\/WhatsApp-Image-2020-05-30-at-15.27.54-1.jpeg 2048w\" sizes=\"(max-width: 1024px) 100vw, 1024px\" \/><\/figure><\/li><\/ul><\/figure>\n\n\n\n<p class=\"has-text-align-center\"><strong>Une s\u00e9ance initiale dure environ 1h30 et les suivantes, environ 1h00.<\/strong><\/p>\n\n\n\n<p class=\"has-text-align-center\"><strong>Agr\u00e9e ASCA<\/strong><\/p>\n\n\n\n<p>Le paiement de chaque s\u00e9ance se fait directement en fin de s\u00e9ance, par cash ou par virement TWINT.<\/p>\n\n\n\n<div class=\"wp-block-image\"><figure class=\"aligncenter size-large\"><img loading=\"lazy\" decoding=\"async\" width=\"322\" height=\"162\" src=\"http:\/\/kinesio-grandson.ch\/in\/wp-content\/uploads\/2020\/06\/twint.png\" alt=\"\" class=\"wp-image-136\" srcset=\"http:\/\/kinesio-grandson.ch\/in\/wp-content\/uploads\/2020\/06\/twint.png 322w, http:\/\/kinesio-grandson.ch\/in\/wp-content\/uploads\/2020\/06\/twint-300x151.png 300w\" sizes=\"(max-width: 322px) 100vw, 322px\" \/><\/figure><\/div>\n\n\n\n<p>Pour les s\u00e9ances au cabinet, un parking publique gratuit pour une dur\u00e9e de 3h est \u00e0 disposition \u00e0 50m du Cabinet, ou l&rsquo;arr\u00eat de bus se situe \u00e9galement \u00e0 50m du Cabinet.<\/p>\n\n\n\n<iframe loading=\"lazy\" src=\"https:\/\/www.google.com\/maps\/embed?pb=!1m18!1m12!1m3!1d682.6895000638516!2d6.64438702925824!3d46.80907271659084!2m3!1f0!2f0!3f0!3m2!1i1024!2i768!4f13.1!3m3!1m2!1s0x478dc50b6ffb2f4f%3A0xc7a5a2cb7c9ae6ed!2sRue%20Haute%2010%2C%201422%20Grandson!5e0!3m2!1sfr!2sch!4v1591193162609!5m2!1sfr!2sch\" width=\"750\" height=\"300\" frameborder=\"0\" style=\"border:0;\" allowfullscreen=\"\" aria-hidden=\"false\" tabindex=\"0\"><\/iframe>\n\n\n\n<p><\/p>\n","protected":false},"excerpt":{"rendered":"<p>Les consultations se font au cabinet, sur rendez-vous.Pour les personnes \u00e0 mobilit\u00e9 r\u00e9duite, je me d\u00e9place \u00e0 votre domicile. Lu 13.30-16.00 Ma &#8211; Ve 13.30-20.00 Sa 11.00 &#8211; 15.00 Une s\u00e9ance initiale dure environ 1h30 et les suivantes, environ 1h00. Agr\u00e9e ASCA Le paiement de chaque s\u00e9ance se fait directement en fin de s\u00e9ance, par &hellip; <\/p>\n","protected":false},"author":2,"featured_media":0,"parent":0,"menu_order":0,"comment_status":"closed","ping_status":"closed","template":"","meta":{"footnotes":""},"_links":{"self":[{"href":"http:\/\/kinesio-grandson.ch\/in\/wp-json\/wp\/v2\/pages\/132"}],"collection":[{"href":"http:\/\/kinesio-grandson.ch\/in\/wp-json\/wp\/v2\/pages"}],"about":[{"href":"http:\/\/kinesio-grandson.ch\/in\/wp-json\/wp\/v2\/types\/page"}],"author":[{"embeddable":true,"href":"http:\/\/kinesio-grandson.ch\/in\/wp-json\/wp\/v2\/users\/2"}],"replies":[{"embeddable":true,"href":"http:\/\/kinesio-grandson.ch\/in\/wp-json\/wp\/v2\/comments?post=132"}],"version-history":[{"count":16,"href":"http:\/\/kinesio-grandson.ch\/in\/wp-json\/wp\/v2\/pages\/132\/revisions"}],"predecessor-version":[{"id":195,"href":"http:\/\/kinesio-grandson.ch\/in\/wp-json\/wp\/v2\/pages\/132\/revisions\/195"}],"wp:attachment":[{"href":"http:\/\/kinesio-grandson.ch\/in\/wp-json\/wp\/v2\/media?parent=132"}],"curies":[{"name":"wp","href":"https:\/\/api.w.org\/{rel}","templated":true}]}}